{"id":28833,"date":"2020-04-22T19:09:35","date_gmt":"2020-04-22T17:09:35","guid":{"rendered":"https:\/\/repaircycles.fr\/?page_id=28833"},"modified":"2020-04-24T16:14:20","modified_gmt":"2020-04-24T14:14:20","slug":"tarifs","status":"publish","type":"page","link":"https:\/\/repaircycles.fr\/en\/tarifs\/","title":{"rendered":"Pricing"},"content":{"rendered":"\n<h3 class=\"wp-block-heading\">Diagnostic &amp; R\u00e9paration<\/h3>\n\n\n\n<pre class=\"wp-block-preformatted\"><\/pre>\n\n\n\n<div class=\"wp-block-columns is-layout-flex wp-container-core-columns-is-layout-9d6595d7 wp-block-columns-is-layout-flex\">\n<div class=\"wp-block-column is-layout-flow wp-block-column-is-layout-flow\">\n<pre class=\"wp-block-preformatted spoiler\">[spoiler title=\"Forfait r\u00e9vision s\u00e9curit\u00e9\"]\nContr\u00f4le et r\u00e9glage de l'ensemble du syst\u00e8me de freinage\n\nR\u00e9glage des d\u00e9railleurs et de la direction\n\nContr\u00f4le de tous les serrages :\n\nPotence, cintre, roues, moyeu, collier et chariot de selle, leviers, manettes, jeu de direction, bo\u00eetier de p\u00e9dalier, manivelles, p\u00e9dales, porte-bagages, garde-boue, sonnette\u2026\n\nCorrection du voile\n\nSerrage des manivelles et p\u00e9dales\n\nContr\u00f4le d\u2019usure et lubrification de la transmission\n\nV\u00e9rification de la structure du cadre\nSolidit\u00e9 des soudures, torsions \u00e9ventuelles\u2026\n\nContr\u00f4le d\u2019usure et lubrification de la transmission\n\nR\u00e9glage et graissage de la tige de selle\n\nPression des pneus et v\u00e9rification de l\u2019usure\nAjustement et r\u00e9glage de la position de pilotage avec vous\n[\/spoiler]<\/pre>\n\n\n\n<pre class=\"wp-block-preformatted\">[spoiler title=\"R\u00e9paration 3\"]\nLa cha\u00eene et la roue de v\u00e9lo.\n[\/spoiler]<\/pre>\n\n\n\n<pre class=\"wp-block-preformatted\">[spoiler title=\"R\u00e9paration 5\"]\nLa cha\u00eene et la roue de v\u00e9lo.\n[\/spoiler]<\/pre>\n<\/div>\n\n\n\n<div class=\"wp-block-column is-layout-flow wp-block-column-is-layout-flow\">\n<pre class=\"wp-block-preformatted spoiler\">[spoiler title=\"R\u00e9paration 2\"]\nLa cha\u00eene et la roue de v\u00e9lo.\n[\/spoiler]<\/pre>\n\n\n\n<pre class=\"wp-block-preformatted\">[spoiler title=\"R\u00e9paration 4\"]\nLa cha\u00eene et la roue de v\u00e9lo.\n[\/spoiler]<\/pre>\n\n\n\n<pre class=\"wp-block-preformatted\">[spoiler title=\"R\u00e9paration 6\"]\nLa cha\u00eene et la roue de v\u00e9lo.\n[\/spoiler]<\/pre>\n<\/div>\n<\/div>\n\n\n\n<h3 class=\"wp-block-heading\">Tarifs au d\u00e9tail<\/h3>\n\n\n\n<pre class=\"wp-block-preformatted\"><\/pre>\n\n\n\n<div class=\"wp-block-columns is-layout-flex wp-container-core-columns-is-layout-9d6595d7 wp-block-columns-is-layout-flex\">\n<div class=\"wp-block-column is-layout-flow wp-block-column-is-layout-flow\">\n<pre class=\"wp-block-preformatted spoiler\">[spoiler title=\"D\u00e9tail 1\"]\nLa chaine et la roue de v\u00e9lo.\n[\/spoiler]<\/pre>\n\n\n\n<pre class=\"wp-block-preformatted\">[spoiler title=\"D\u00e9tail 3\"]\nLa chaine et la roue de v\u00e9lo.\n[\/spoiler]<\/pre>\n\n\n\n<pre class=\"wp-block-preformatted\">[spoiler title=\"R\u00e9paration 5\"]\nLa cha\u00eene et la roue de v\u00e9lo.\n[\/spoiler]<\/pre>\n<\/div>\n\n\n\n<div class=\"wp-block-column is-layout-flow wp-block-column-is-layout-flow\">\n<pre class=\"wp-block-preformatted spoiler\">[spoiler title=\"D\u00e9tail 2\"]\nLa chaine et la roue de v\u00e9lo.\n[\/spoiler]<\/pre>\n\n\n\n<pre class=\"wp-block-preformatted\">[spoiler title=\"D\u00e9tail 4\"]\nLa chaine et la roue de v\u00e9lo.\n[\/spoiler]<\/pre>\n\n\n\n<pre class=\"wp-block-preformatted\">[spoiler title=\"R\u00e9paration 6\"]\nLa cha\u00eene et la roue de v\u00e9lo.\n[\/spoiler]<\/pre>\n<\/div>\n<\/div>\n","protected":false},"excerpt":{"rendered":"<p>Diagnostic &amp; R\u00e9paration [spoiler title=\u00a0\u00bbForfait r\u00e9vision s\u00e9curit\u00e9\u00a0\u00bb] Contr\u00f4le et r\u00e9glage de l&rsquo;ensemble du syst\u00e8me de freinage R\u00e9glage des d\u00e9railleurs et de la direction Contr\u00f4le de tous les serrages : Potence, cintre, roues, moyeu, collier et chariot de selle, leviers, manettes, jeu de direction, bo\u00eetier de p\u00e9dalier, manivelles, p\u00e9dales, porte-bagages, garde-boue, sonnette\u2026 Correction du voile Serrage&hellip;&nbsp;<a href=\"https:\/\/repaircycles.fr\/en\/tarifs\/\" rel=\"bookmark\">Read More &raquo;<span class=\"screen-reader-text\">Tarifs<\/span><\/a><\/p>\n","protected":false},"author":1,"featured_media":0,"parent":0,"menu_order":0,"comment_status":"closed","ping_status":"closed","template":"","meta":{"neve_meta_sidebar":"","neve_meta_container":"","neve_meta_enable_content_width":"","neve_meta_content_width":0,"neve_meta_title_alignment":"","neve_meta_author_avatar":"","neve_post_elements_order":"","neve_meta_disable_header":"","neve_meta_disable_footer":"","neve_meta_disable_title":"","_themeisle_gutenberg_block_has_review":false,"footnotes":""},"class_list":["post-28833","page","type-page","status-publish","hentry"],"yoast_head":"<!-- This site is optimized with the Yoast SEO plugin v27.3 - https:\/\/yoast.com\/product\/yoast-seo-wordpress\/ -->\n<title>Tarifs - Repair Cycles<\/title>\n<meta name=\"description\" content=\"R\u00e9paration et r\u00e9vison de v\u00e9lo \u00e0 domicile aux alentours de Carpentras. Tout type de cycles, devis sur mesure.\" \/>\n<meta name=\"robots\" content=\"index, follow, max-snippet:-1, max-image-preview:large, max-video-preview:-1\" \/>\n<link rel=\"canonical\" href=\"https:\/\/repaircycles.fr\/en\/tarifs\/\" \/>\n<meta property=\"og:locale\" content=\"en_GB\" \/>\n<meta property=\"og:type\" content=\"article\" \/>\n<meta property=\"og:title\" content=\"Tarifs - Repair Cycles\" \/>\n<meta property=\"og:description\" content=\"R\u00e9paration et r\u00e9vison de v\u00e9lo \u00e0 domicile aux alentours de Carpentras. Tout type de cycles, devis sur mesure.\" \/>\n<meta property=\"og:url\" content=\"https:\/\/repaircycles.fr\/en\/tarifs\/\" \/>\n<meta property=\"og:site_name\" content=\"Repair Cycles\" \/>\n<meta property=\"article:publisher\" content=\"https:\/\/www.facebook.com\/repaircycles\/\" \/>\n<meta property=\"article:modified_time\" content=\"2020-04-24T14:14:20+00:00\" \/>\n<meta name=\"twitter:card\" content=\"summary_large_image\" \/>\n<meta name=\"twitter:label1\" content=\"Estimated reading time\" \/>\n\t<meta name=\"twitter:data1\" content=\"1 minute\" \/>\n<script type=\"application\/ld+json\" class=\"yoast-schema-graph\">{\"@context\":\"https:\\\/\\\/schema.org\",\"@graph\":[{\"@type\":\"WebPage\",\"@id\":\"https:\\\/\\\/repaircycles.fr\\\/tarifs\\\/\",\"url\":\"https:\\\/\\\/repaircycles.fr\\\/tarifs\\\/\",\"name\":\"Tarifs - Repair Cycles\",\"isPartOf\":{\"@id\":\"https:\\\/\\\/repaircycles.fr\\\/#website\"},\"datePublished\":\"2020-04-22T17:09:35+00:00\",\"dateModified\":\"2020-04-24T14:14:20+00:00\",\"description\":\"R\u00e9paration et r\u00e9vison de v\u00e9lo \u00e0 domicile aux alentours de Carpentras. Tout type de cycles, devis sur mesure.\",\"breadcrumb\":{\"@id\":\"https:\\\/\\\/repaircycles.fr\\\/tarifs\\\/#breadcrumb\"},\"inLanguage\":\"en-GB\",\"potentialAction\":[{\"@type\":\"ReadAction\",\"target\":[\"https:\\\/\\\/repaircycles.fr\\\/tarifs\\\/\"]}]},{\"@type\":\"BreadcrumbList\",\"@id\":\"https:\\\/\\\/repaircycles.fr\\\/tarifs\\\/#breadcrumb\",\"itemListElement\":[{\"@type\":\"ListItem\",\"position\":1,\"name\":\"Accueil\",\"item\":\"https:\\\/\\\/repaircycles.fr\\\/\"},{\"@type\":\"ListItem\",\"position\":2,\"name\":\"Tarifs\"}]},{\"@type\":\"WebSite\",\"@id\":\"https:\\\/\\\/repaircycles.fr\\\/#website\",\"url\":\"https:\\\/\\\/repaircycles.fr\\\/\",\"name\":\"Repair Cycles\",\"description\":\"R\u00e9paration de v\u00e9lo \u00e0 domicile\",\"publisher\":{\"@id\":\"https:\\\/\\\/repaircycles.fr\\\/#organization\"},\"potentialAction\":[{\"@type\":\"SearchAction\",\"target\":{\"@type\":\"EntryPoint\",\"urlTemplate\":\"https:\\\/\\\/repaircycles.fr\\\/?s={search_term_string}\"},\"query-input\":{\"@type\":\"PropertyValueSpecification\",\"valueRequired\":true,\"valueName\":\"search_term_string\"}}],\"inLanguage\":\"en-GB\"},{\"@type\":\"Organization\",\"@id\":\"https:\\\/\\\/repaircycles.fr\\\/#organization\",\"name\":\"Repair cycles\",\"url\":\"https:\\\/\\\/repaircycles.fr\\\/\",\"logo\":{\"@type\":\"ImageObject\",\"inLanguage\":\"en-GB\",\"@id\":\"https:\\\/\\\/repaircycles.fr\\\/#\\\/schema\\\/logo\\\/image\\\/\",\"url\":\"https:\\\/\\\/repaircycles.fr\\\/wp-content\\\/uploads\\\/2020\\\/04\\\/logo-carre2.png\",\"contentUrl\":\"https:\\\/\\\/repaircycles.fr\\\/wp-content\\\/uploads\\\/2020\\\/04\\\/logo-carre2.png\",\"width\":589,\"height\":576,\"caption\":\"Repair cycles\"},\"image\":{\"@id\":\"https:\\\/\\\/repaircycles.fr\\\/#\\\/schema\\\/logo\\\/image\\\/\"},\"sameAs\":[\"https:\\\/\\\/www.facebook.com\\\/repaircycles\\\/\"]}]}<\/script>\n<!-- \/ Yoast SEO plugin. -->","yoast_head_json":{"title":"Tarifs - Repair Cycles","description":"R\u00e9paration et r\u00e9vison de v\u00e9lo \u00e0 domicile aux alentours de Carpentras. Tout type de cycles, devis sur mesure.","robots":{"index":"index","follow":"follow","max-snippet":"max-snippet:-1","max-image-preview":"max-image-preview:large","max-video-preview":"max-video-preview:-1"},"canonical":"https:\/\/repaircycles.fr\/en\/tarifs\/","og_locale":"en_GB","og_type":"article","og_title":"Tarifs - Repair Cycles","og_description":"R\u00e9paration et r\u00e9vison de v\u00e9lo \u00e0 domicile aux alentours de Carpentras. Tout type de cycles, devis sur mesure.","og_url":"https:\/\/repaircycles.fr\/en\/tarifs\/","og_site_name":"Repair Cycles","article_publisher":"https:\/\/www.facebook.com\/repaircycles\/","article_modified_time":"2020-04-24T14:14:20+00:00","twitter_card":"summary_large_image","twitter_misc":{"Estimated reading time":"1 minute"},"schema":{"@context":"https:\/\/schema.org","@graph":[{"@type":"WebPage","@id":"https:\/\/repaircycles.fr\/tarifs\/","url":"https:\/\/repaircycles.fr\/tarifs\/","name":"Tarifs - Repair Cycles","isPartOf":{"@id":"https:\/\/repaircycles.fr\/#website"},"datePublished":"2020-04-22T17:09:35+00:00","dateModified":"2020-04-24T14:14:20+00:00","description":"R\u00e9paration et r\u00e9vison de v\u00e9lo \u00e0 domicile aux alentours de Carpentras. Tout type de cycles, devis sur mesure.","breadcrumb":{"@id":"https:\/\/repaircycles.fr\/tarifs\/#breadcrumb"},"inLanguage":"en-GB","potentialAction":[{"@type":"ReadAction","target":["https:\/\/repaircycles.fr\/tarifs\/"]}]},{"@type":"BreadcrumbList","@id":"https:\/\/repaircycles.fr\/tarifs\/#breadcrumb","itemListElement":[{"@type":"ListItem","position":1,"name":"Accueil","item":"https:\/\/repaircycles.fr\/"},{"@type":"ListItem","position":2,"name":"Tarifs"}]},{"@type":"WebSite","@id":"https:\/\/repaircycles.fr\/#website","url":"https:\/\/repaircycles.fr\/","name":"Repair Cycles","description":"R\u00e9paration de v\u00e9lo \u00e0 domicile","publisher":{"@id":"https:\/\/repaircycles.fr\/#organization"},"potentialAction":[{"@type":"SearchAction","target":{"@type":"EntryPoint","urlTemplate":"https:\/\/repaircycles.fr\/?s={search_term_string}"},"query-input":{"@type":"PropertyValueSpecification","valueRequired":true,"valueName":"search_term_string"}}],"inLanguage":"en-GB"},{"@type":"Organization","@id":"https:\/\/repaircycles.fr\/#organization","name":"Repair cycles","url":"https:\/\/repaircycles.fr\/","logo":{"@type":"ImageObject","inLanguage":"en-GB","@id":"https:\/\/repaircycles.fr\/#\/schema\/logo\/image\/","url":"https:\/\/repaircycles.fr\/wp-content\/uploads\/2020\/04\/logo-carre2.png","contentUrl":"https:\/\/repaircycles.fr\/wp-content\/uploads\/2020\/04\/logo-carre2.png","width":589,"height":576,"caption":"Repair cycles"},"image":{"@id":"https:\/\/repaircycles.fr\/#\/schema\/logo\/image\/"},"sameAs":["https:\/\/www.facebook.com\/repaircycles\/"]}]}},"_links":{"self":[{"href":"https:\/\/repaircycles.fr\/en\/wp-json\/wp\/v2\/pages\/28833","targetHints":{"allow":["GET"]}}],"collection":[{"href":"https:\/\/repaircycles.fr\/en\/wp-json\/wp\/v2\/pages"}],"about":[{"href":"https:\/\/repaircycles.fr\/en\/wp-json\/wp\/v2\/types\/page"}],"author":[{"embeddable":true,"href":"https:\/\/repaircycles.fr\/en\/wp-json\/wp\/v2\/users\/1"}],"replies":[{"embeddable":true,"href":"https:\/\/repaircycles.fr\/en\/wp-json\/wp\/v2\/comments?post=28833"}],"version-history":[{"count":36,"href":"https:\/\/repaircycles.fr\/en\/wp-json\/wp\/v2\/pages\/28833\/revisions"}],"predecessor-version":[{"id":29268,"href":"https:\/\/repaircycles.fr\/en\/wp-json\/wp\/v2\/pages\/28833\/revisions\/29268"}],"wp:attachment":[{"href":"https:\/\/repaircycles.fr\/en\/wp-json\/wp\/v2\/media?parent=28833"}],"curies":[{"name":"wp","href":"https:\/\/api.w.org\/{rel}","templated":true}]}}