{"id":28847,"date":"2020-04-22T19:23:43","date_gmt":"2020-04-22T17:23:43","guid":{"rendered":"https:\/\/repaircycles.fr\/mesmerize\/"},"modified":"2020-04-27T21:19:35","modified_gmt":"2020-04-27T19:19:35","slug":"mesmerize","status":"publish","type":"page","link":"https:\/\/repaircycles.fr\/en\/mesmerize\/","title":{"rendered":"Front Page"},"content":{"rendered":"<div  id=\"argumentaire\" style=\"background-color: rgb(255, 255, 255); background-image: none;\" data-label=\"Argumentaire\" data-id=\"overlappable-4\" data-export-id=\"overlappable-4\" data-category=\"overlappable\" class=\"overlappable-4 content-section content-section-spacing\" data-overlap=\"true\">\n<div  class=\"gridContainer\">\n<div  data-type=\"row\" class=\"row spaced-cols text-center\">\n<div  class=\"col-xs-12 col-sm-4 col-padding\"> <i  class=\"fa icon shadow-large-black aligncenter color1 fa-wrench reverse round large\"><\/i> <\/p>\n<div  data-type=\"column\" class=\"\">\n<h5  class=\"\">POURQUOI ?<\/h5>\n<p  class=\"\">La r\u00e9paration \u00e0 domicile est plus simple et plus rapide.<br \/>\n7j\/7<\/p>\n<p>Rien ne doit vous emp\u00eacher d\u2019utiliser votre v\u00e9lo.<\/p>\n<p>Favoriser les artisans locaux, investis dans une d\u00e9marche \u00e9cologique et de recyclage des pi\u00e8ces usag\u00e9es.<\/p>\n<\/div><\/div>\n<div  class=\"col-xs-12 col-sm-4 col-padding\"> <i  class=\"fa icon shadow-large-black aligncenter color1 fa-child reverse round large\"><\/i> <\/p>\n<div  data-type=\"column\" class=\"\">\n<h5  class=\"\">POUR QUI ?<\/h5>\n<p  class=\"\">Toute personne poss\u00e9dant un v\u00e9lo.<\/p>\n<p>Pour les entreprises et collectivit\u00e9s souhaitant encourager la pratique du v\u00e9lo comme moyen de transport.<\/p>\n<p>Les personnes mettant \u00e0 disposition des v\u00e9los, professionels de la location saisonni\u00e8re.<\/p>\n<\/div><\/div>\n<div  class=\"col-xs-12 col-sm-4 col-padding\"> <i  class=\"fa icon shadow-large-black aligncenter color1 fa-cogs reverse round large\"><\/i> <\/p>\n<div  data-type=\"column\" class=\"\">\n<h5  class=\"\">COMMENT ?<\/h5>\n<p  class=\"\">Simplement par t\u00e9l\u00e9phone, je reste \u00e0 votre disposition pour un devis, un simple conseil, un d\u00e9pannage express (selon planning,)<\/p>\n<\/div><\/div>\n<div  class=\"col-xs-12 col-sm-4 col-padding\"> <i  class=\"fa icon shadow-large-black aligncenter color1 fa-wrench reverse round large\"><\/i> <\/p>\n<div  data-type=\"column\" class=\"\">\n<h5  class=\"\">JUSQU\u2019OU ?<\/h5>\n<p  class=\"\">Je me d\u00e9place directement l\u00e0 o\u00fb vous avez besoin de mes services, chez vous, au travail, dans votre bar pr\u00e9f\u00e9r\u00e9\u2026<\/p>\n<p>15 Km autour de Carpentras.<\/p>\n<p>(surplus de frais de d\u00e9placement au del\u00e0)<\/p>\n<\/div><\/div>\n<div  class=\"col-xs-12 col-sm-4 col-padding\"> <i  class=\"fa icon shadow-large-black aligncenter color1 fa-user-circle-o reverse round large\"><\/i> <\/p>\n<div  data-type=\"column\" class=\"\">\n<h5  class=\"\">PROFESSIONEL<\/h5>\n<p  class=\"\">Etant certifi\u00e9 m\u00e9canicien cycle, je vous garantis un travail de qualit\u00e9 sur tous types de v\u00e9los, y compris les v\u00e9los \u00e9lectriques, tandems, v\u00e9los cargo,&nbsp; v\u00e9los couch\u00e9, etc..<\/p>\n<\/div><\/div>\n<div  class=\"col-xs-12 col-sm-4 col-padding\"> <i  class=\"fa icon shadow-large-black aligncenter color1 fa-handshake-o reverse round large\"><\/i> <\/p>\n<div  data-type=\"column\" class=\"\">\n<h5  class=\"\">ETHIQUE<\/h5>\n<p  class=\"\">En faisant appel \u00e0 Repair\u2019cycles vous contribuez \u00e0 faire vivre un artisan pr\u00e8s de chez vous, m\u00fb par un inter\u00eat qualitatif et non quantitatif.<\/p>\n<\/div><\/div>\n<div  class=\"col-xs-12 col-sm-4 col-padding\"> <i  class=\"fa icon shadow-large-black aligncenter color1 fa-bicycle reverse round large\"><\/i> <\/p>\n<div  data-type=\"column\" class=\"\">\n<h5  class=\"\">MODIFICATION<\/h5>\n<p  class=\"\">Vous souhaitez transformer votre v\u00e9lo pour transporter votre animal de compagnie, vos courses, ou partir en voyage, contactez moi pour me parler de votre projet !<\/p>\n<\/div><\/div>\n<div  class=\"col-xs-12 col-sm-4 col-padding\"> <i  class=\"fa icon shadow-large-black aligncenter color1 fa-wrench reverse round large\"><\/i> <\/p>\n<div  data-type=\"column\" class=\"\">\n<h5  class=\"\">POURQUOI ?<\/h5>\n<p  class=\"\">Service et tarification<\/p>\n<\/div><\/div>\n<\/div><\/div>\n<\/div>\n<div  id=\"mes-engagements\" style=\"background-color: #ffffff;\" data-label=\"Mes engagements\" data-id=\"features-12-card-bordered\" data-export-id=\"features-12-card-bordered\" data-category=\"features\" class=\"features-12-card-bordered content-section content-section-spacing \">\n<div  class=\"gridContainer\">\n<div  class=\"row text-center\">\n<div  class=\"section-title-col\" data-type=\"column\">\n<h2  class=\"\">Mes engagements :<\/h2>\n<\/p><\/div>\n<\/p><\/div>\n<div  class=\"row spaced-cols\" data-type=\"row\">\n<div  class=\"col-sm-6\">\n<div  class=\"card row-card bordered y-move\">\n<div  class=\"row\">\n<div  class=\"col-sm-fit icon-column\"> <a  data-cp-link=\"1\" href=\"#\" target=\"_self\"><i  class=\"fa icon color2 fa-battery bordered round\"><\/i><\/a> <\/div>\n<div  class=\"col-sm\" data-type=\"column\">\n<h5  class=\"color2\">D\u00e9marche \u00e9co-responsable<\/h5>\n<p  class=\"\">Tous mes d\u00e9placements sont r\u00e9alis\u00e9s avec un v\u00e9lo cargo \u00e9lectrique aliment\u00e9 en \u00e9nergie solaire autoproduite.<\/p>\n<\/div><\/div>\n<\/div><\/div>\n<div  class=\"col-sm-6\">\n<div  class=\"card row-card bordered y-move\">\n<div  class=\"row\">\n<div  class=\"col-sm-fit icon-column\"> <a  data-cp-link=\"1\" href=\"#\" target=\"_self\"><i  class=\"fa icon color2 fa-address-card-o bordered round\"><\/i><\/a> <\/div>\n<div  class=\"col-sm\" data-type=\"column\">\n<h5  class=\"color2\">Suivis de vos r\u00e9paration<\/h5>\n<p  class=\"\">Lors de votre premi\u00e8re intervention un carnet de bord vous sera fourni, vous permettant d\u2019en savoir plus sur votre v\u00e9lo et d\u2019en assurer le suivi.\n<\/p>\n<\/div><\/div>\n<\/div><\/div>\n<div  class=\"col-sm-6\">\n<div  class=\"card row-card bordered y-move\">\n<div  class=\"row\">\n<div  class=\"col-sm-fit icon-column\"> <i  class=\"fa icon color2 fa-american-sign-language-interpreting bordered round\"><\/i> <\/div>\n<div  class=\"col-sm\" data-type=\"column\">\n<h5  class=\"color2\">Vulgarisation m\u00e9canique<\/h5>\n<p  class=\"\">Vous souhaitez en savoir plus sur votre v\u00e9lo ? Lors de la r\u00e9paration je prendrai plaisir \u00e0 vous expliquer simplement les rudiments, pour vous permettre de comprendre mieux les \u00e9ventuelles pannes.<\/p>\n<\/div><\/div>\n<\/div><\/div>\n<div  class=\"col-sm-6\">\n<div  class=\"card row-card bordered y-move\">\n<div  class=\"row\">\n<div  class=\"col-sm-fit icon-column\"> <i  class=\"fa icon fa-codepen round bordered color2\"><\/i> <\/div>\n<div  class=\"col-sm\" data-type=\"column\">\n<h5  class=\"color2\">Limiter l\u2019impact \u00e9cologique<\/h5>\n<p  class=\"\">Tous les produits utilis\u00e9s sont au maximum d\u2019origine bio et\/ou biod\u00e9gradable (graisse, huile, d\u00e9graissant, chiffons lavables)<\/p>\n<\/div><\/div>\n<\/div><\/div>\n<div  class=\"col-sm-6\">\n<div  class=\"card row-card bordered y-move\">\n<div  class=\"row\">\n<div  class=\"col-sm-fit icon-column\"> <a  data-cp-link=\"1\" href=\"#\" target=\"_self\"><i  class=\"fa icon color2 fa-handshake-o bordered round\"><\/i><\/a> <\/div>\n<div  class=\"col-sm\" data-type=\"column\">\n<h5  class=\"color2\">Monnaie Locale<\/h5>\n<p  class=\"\">Vous pouvez effectuer le r\u00e8glement en monnaie locale (La Roue) pour permettre de conserver l\u2019\u00e9conomie dans la localit\u00e9.<\/p>\n<\/div><\/div>\n<\/div><\/div>\n<div  class=\"col-sm-6\">\n<div  class=\"card row-card bordered y-move\">\n<div  class=\"row\">\n<div  class=\"col-sm-fit icon-column\"> <i  class=\"fa icon color2 fa-leaf bordered round\"><\/i> <\/div>\n<div  class=\"col-sm\" data-type=\"column\">\n<h5  class=\"color2\">Recyclage<\/h5>\n<p  class=\"\">Je d\u00e9monte et reconditionne les pi\u00e8ces des v\u00e9los hors d\u2019usage pour les r\u00e9utiliser lors de certaines r\u00e9parations, ou les recycler dans des ateliers solidaires.<\/p>\n<\/div><\/div>\n<\/div><\/div>\n<\/div><\/div>\n<\/div>\n<div  id=\"citation\" style=\"background-color: #f5fafd;\" data-label=\"Citation\" data-id=\"about-1\" data-export-id=\"about-1\" data-category=\"about\" class=\"about-1 content-section\">\n<div  class=\"gridContainer\">\n<div  class=\"row text-center\">\n<div  class=\"section-title-col\" data-type=\"column\">\n<h2  class=\"\">\u201cIl me semble que les arts m\u00e9caniques ont une signification toute particuli\u00e8re pour notre \u00e9poque parce que la vertu qu\u2019ils cultivent n\u2019est pas la cr\u00e9ativit\u00e9, mais une qualit\u00e9 plus modeste, l\u2019attention.<\/p>\n<p>Les objets n\u2019ont pas seulement besoin d\u2019etre cr\u00e9\u00e9s, ils ont besoin d\u2019etre entretenus et r\u00e9par\u00e9s.\u201d<\/h2>\n<\/p><\/div>\n<\/p><\/div>\n<div  class=\"row\">\n<div  class=\"button-holder space-bottom space-bottom-small\" data-type=\"column\">\n<p  class=\"lead\">Matthew B. Crawford<\/p>\n<\/p><\/div>\n<div  class=\"col-xs bottom-xs flexbox image-group-bottom-3-img space-bottom-xs center-xs\"> <a  data-cp-link=\"1\" href=\"https:\/\/repaircycles.fr\" class=\"left-img-anchor\" target=\"_self\"><img decoding=\"async\"  class=\"left-img shadow-large-black\" data-size=\"500x300\" src=\"\" alt=\"\" title=\"cropped-gear-2291916_1920.jpg\"><\/a> <img decoding=\"async\"  class=\"center-img shadow-large-black\" data-size=\"500x300\" src=\"\" alt=\"\" title=\"cropped-bicycle-1872682_1920.jpg\"> <a  data-cp-link=\"1\" href=\"#\" class=\"right-img-anchor\" target=\"_self\"><img decoding=\"async\"  class=\"right-img shadow-large-black\" data-size=\"500x300\" src=\"\" alt=\"\" title=\"cropped-road-bike-594164_1920.jpg\"><\/a><\/div>\n<\/p><\/div>\n<\/div><\/div>\n<div  id=\"promotion-printemps\" data-label=\"Promotion printemps\" data-id=\"cta-blue-section\" data-export-id=\"cta-blue-section\" data-category=\"cta\" class=\"cta-blue-section content-section content-section-spacing-medium bg-color1 white-text\">\n<div  class=\"gridContainer\">\n<div  class=\"row middle-xs\">\n<div  class=\"col-sm-8 space-bottom-xs\" data-type=\"column\">\n<h2  class=\"\">Offrez \u00e0 votre v\u00e9lo une r\u00e9vision de printemps !<\/h2>\n<\/p><\/div>\n<div  class=\"col-sm-4 end-sm\" data-type=\"column\"> <a  class=\"button color2\" href=\"#\" target=\"_self\" data-cp-link=\"1\">R\u00e9vision \u00e0 partir de 25\u20ac<\/a><\/div>\n<\/p><\/div>\n<\/div><\/div>\n<div  data-label=\"Ma philosophie\" data-id=\"content--1\" data-export-id=\"content-7\" data-category=\"content\" class=\"content-7 content-section content-section-spacing\" id=\"ma-philosophie\" style=\"background-color: rgb(245, 250, 253);\">\n<div  class=\"gridContainer\">\n<div  class=\"row middle-sm\">\n<div  class=\"col-sm-6 space-bottom-xs\" data-type=\"column\">\n<h2  class=\"\">Ma philosophie<\/h2>\n<p  class=\"\">))Face au constat de l\u2019influence de la voiture sur le vivant, je suis convaincu qu\u2019une autre mobilit\u00e9 est possible, et meme necessaire.<br \/>\n<br >En voiture 1 trajet sur 4 fait moins de 3km, je pense qu\u2019il est possible d\u2019imaginer d\u2019autres solutions de mobilit\u00e9 comme des v\u00e9los-cargo, triporteurs et autre curiosit\u00e9s v\u00e9locipediques pour rendre notre environnement de vie plus convivial.))<\/p>\n<p> <a  class=\"button color1\" href=\"#\">LEARN MORE<\/a><\/div>\n<div  class=\"col-sm-6\" data-type=\"column\"> <img decoding=\"async\"  class=\"shadow-large\" src=\"https:\/\/repaircycles.fr\/wp-content\/uploads\/2020\/04\/cropped-engagement-1718244_1920.jpg\" alt=\"\" title=\"cropped-engagement-1718244_1920.jpg\"><\/div>\n<\/p><\/div>\n<\/div><\/div>\n<div  id=\"contact-1\" data-label=\"Contact\" data-id=\"contact-1\" data-export-id=\"contact-1\" data-category=\"contact\" class=\"contact-1 content-section content-section-spacing white-text\" data-parallax-depth=\"20\" style=\"background-image: url(&quot;https:\/\/repaircycles.fr\/wp-content\/uploads\/2020\/04\/road-bike-594164_1920.jpg&quot;); background-size: cover; background-position: center top;\">\n<div  class=\"gridContainer\">\n<div  class=\"row text-center\">\n<div  class=\"section-title-col\" data-type=\"column\">\n<h2  class=\"\">Contactez moi<\/h2>\n<p  class=\"lead\">7 jours sur 7<\/p>\n<h1  class=\"\">06 29 73 93 88<\/h1>\n<\/div><\/div>\n<div  class=\"row text-center\">\n<div  class=\"col-xs-12 col-sm-8 col-sm-offset-2 contact-form-wrapper inline-info\">\n<div  class=\"card large-padding\">\n<div  class=\"\" data-content-shortcode=\"mesmerize_contact_form\" data-editable=\"true\">[mesmerize_contact_form]<\/div>\n<\/div><\/div>\n<\/div><\/div>\n<\/div>\n<div  data-label=\"Partenaire\" data-id=\"clients--1\" data-export-id=\"clients-4\" data-category=\"clients\" class=\"clients-4 content-section content-section-spacing-small\" id=\"partenaire\" style=\"background-color: rgb(255, 255, 255);\">\n<div  class=\"gridContainer\">\n<div  class=\"row\">\n<div  data-type=\"column\" class=\"section-title-col\">\n<h2  class=\"font-700\">Partenaires<\/h2>\n<\/p><\/div>\n<\/p><\/div>\n<div  data-type=\"row\" class=\"row spaced-cols middle-xs center-xs space-bottom padding-lr\">\n<div  class=\"col-xs-6 col-sm-2\"> <a  data-cp-link=\"1\" href=\"https:\/\/vulpiweb.com\" class=\"\" target=\"_blank\"><img decoding=\"async\"  src=\"https:\/\/repaircycles.fr\/wp-content\/uploads\/2020\/04\/cropped-final.png\" class=\"\" alt=\"\" title=\"cropped-5c63298223b9f.png\"><\/a><\/div>\n<div  class=\"col-xs-6 col-sm-2\"> <a  data-cp-link=\"1\" href=\"https:\/\/coliscyclette.fr\" class=\"\" target=\"_blank\"><img decoding=\"async\"  src=\"https:\/\/repaircycles.fr\/wp-content\/uploads\/2020\/04\/cropped-5c63298223b9f-1.png\" class=\"\" alt=\"\" title=\"final\"><\/a><\/div>\n<div  class=\"col-xs-6 col-sm-2\"> <a  data-cp-link=\"1\" href=\"https:\/\/labelvers.fr\" class=\"\" target=\"_blank\"><img decoding=\"async\"  src=\"https:\/\/repaircycles.fr\/wp-content\/uploads\/2020\/04\/logo.png\" class=\"\" alt=\"\" title=\"logo\"><\/a><\/div>\n<\/p><\/div>\n<\/div><\/div>\n<div  data-label=\"Features\" data-id=\"features--1\" data-export-id=\"features-13\" data-category=\"features\" class=\"features-13 content-section content-section-spacing\" id=\"features-1\" style=\"background-color: rgb(245, 250, 253);\">\n<div  class=\"gridContainer\">\n<div  class=\"row text-center\">\n<div  class=\"section-title-col\" data-type=\"column\">\n<h2  class=\"\">A few things we\u2019re great at<\/h2>\n<p  class=\"lead\">Lorem ipsum dolor sit amet, consectetur adipiscing elit, sed do eiusmod tempor incididunt ut labore et dolore magna aliqua. Ut enim ad minim veniam, quis nostrud exercitation.Ut enim ad minim veniam, quis nostrud exercitation.<\/p>\n<\/div><\/div>\n<div  class=\"row spaced-cols\" data-type=\"row\">\n<div  class=\"col col-sm-6 col-md-3 space-bottom\"> <i  class=\"fa icon fa-connectdevelop big round bordered color1\"><\/i> <\/p>\n<h4  class=\"\">FLEXIBLE CODE<\/h4>\n<p  class=\"\">Lorem ipsum dolor sit amet, consectetur adipiscing elit, sed do eiusmod tempor incididunt ut labore et dolore magna aliqua. Ut enim ad minim veniam, quis nostrud exercitation.<\/p>\n<p> <a  class=\"button small y-move color2\" href=\"#\">GET STARTED<\/a><\/div>\n<div  class=\"col col-sm-6 col-md-3 space-bottom\"><i  class=\"fa icon fa-connectdevelop big round bordered color1\"><\/i> <\/p>\n<h4  class=\"\">FLEXIBLE CODE<\/h4>\n<p  class=\"\">Lorem ipsum dolor sit amet, consectetur adipiscing elit, sed do eiusmod tempor incididunt ut labore et dolore magna aliqua. Ut enim ad minim veniam, quis nostrud exercitation.<\/p>\n<p> <a  class=\"button small y-move color2\" href=\"#\">GET STARTED<\/a><\/div>\n<div  class=\"col col-sm-6 col-md-3 space-bottom\"><i  class=\"fa icon fa-connectdevelop big round bordered color1\"><\/i> <\/p>\n<h4  class=\"\">FLEXIBLE CODE<\/h4>\n<p  class=\"\">Lorem ipsum dolor sit amet, consectetur adipiscing elit, sed do eiusmod tempor incididunt ut labore et dolore magna aliqua. Ut enim ad minim veniam, quis nostrud exercitation.<\/p>\n<p> <a  class=\"button small y-move color2\" href=\"#\">GET STARTED<\/a><\/div>\n<div  class=\"col col-sm-6 col-md-3 space-bottom\"><i  class=\"fa icon fa-codepen big round bordered color1\"><\/i> <\/p>\n<h4  class=\"\">FLEXIBLE CODE<\/h4>\n<p  class=\"\">Lorem ipsum dolor sit amet, consectetur adipiscing elit, sed do eiusmod tempor incididunt ut labore et dolore magna aliqua. Ut enim ad minim veniam, quis nostrud exercitation.<\/p>\n<p> <a  class=\"button small y-move color2\" href=\"#\">GET STARTED<\/a><\/div>\n<\/p><\/div>\n<\/div><\/div>\n","protected":false},"excerpt":{"rendered":"<p>POURQUOI ? La r\u00e9paration \u00e0 domicile est plus simple et plus rapide. 7j\/7 Rien ne doit vous emp\u00eacher d\u2019utiliser votre v\u00e9lo. Favoriser les artisans locaux, investis dans une d\u00e9marche \u00e9cologique et de recyclage des pi\u00e8ces usag\u00e9es. POUR QUI ? Toute personne poss\u00e9dant un v\u00e9lo. Pour les entreprises et collectivit\u00e9s souhaitant encourager la pratique du v\u00e9lo&hellip;&nbsp;<a href=\"https:\/\/repaircycles.fr\/en\/mesmerize\/\" rel=\"bookmark\">Read More &raquo;<span class=\"screen-reader-text\">Front Page<\/span><\/a><\/p>","protected":false},"author":1,"featured_media":0,"parent":0,"menu_order":0,"comment_status":"closed","ping_status":"closed","template":"page-templates\/homepage.php","meta":{"neve_meta_sidebar":"","neve_meta_container":"","neve_meta_enable_content_width":"","neve_meta_content_width":0,"neve_meta_title_alignment":"","neve_meta_author_avatar":"","neve_post_elements_order":"","neve_meta_disable_header":"","neve_meta_disable_footer":"","neve_meta_disable_title":"","_themeisle_gutenberg_block_has_review":false,"footnotes":""},"class_list":["post-28847","page","type-page","status-publish","hentry"],"yoast_head":"<!-- This site is optimized with the Yoast SEO plugin v27.3 - https:\/\/yoast.com\/product\/yoast-seo-wordpress\/ -->\n<title>Front Page - Repair Cycles<\/title>\n<meta name=\"description\" content=\"R\u00e9paration et r\u00e9vison de v\u00e9lo \u00e0 domicile aux alentours de Carpentras. Tout type de cycles, devis sur mesure.\" \/>\n<meta name=\"robots\" content=\"index, follow, max-snippet:-1, max-image-preview:large, max-video-preview:-1\" \/>\n<link rel=\"canonical\" href=\"https:\/\/repaircycles.fr\/en\/mesmerize\/\" \/>\n<meta property=\"og:locale\" content=\"en_GB\" \/>\n<meta property=\"og:type\" content=\"article\" \/>\n<meta property=\"og:title\" content=\"Front Page - Repair Cycles\" \/>\n<meta property=\"og:description\" content=\"R\u00e9paration et r\u00e9vison de v\u00e9lo \u00e0 domicile aux alentours de Carpentras. Tout type de cycles, devis sur mesure.\" \/>\n<meta property=\"og:url\" content=\"https:\/\/repaircycles.fr\/en\/mesmerize\/\" \/>\n<meta property=\"og:site_name\" content=\"Repair Cycles\" \/>\n<meta property=\"article:publisher\" content=\"https:\/\/www.facebook.com\/repaircycles\/\" \/>\n<meta property=\"article:modified_time\" content=\"2020-04-27T19:19:35+00:00\" \/>\n<meta property=\"og:image\" content=\"https:\/\/repaircycles.fr\/wp-content\/uploads\/2020\/04\/cropped-engagement-1718244_1920.jpg\" \/>\n<meta name=\"twitter:card\" content=\"summary_large_image\" \/>\n<meta name=\"twitter:label1\" content=\"Estimated reading time\" \/>\n\t<meta name=\"twitter:data1\" content=\"4 minutes\" \/>\n<script type=\"application\/ld+json\" class=\"yoast-schema-graph\">{\"@context\":\"https:\\\/\\\/schema.org\",\"@graph\":[{\"@type\":\"WebPage\",\"@id\":\"https:\\\/\\\/repaircycles.fr\\\/mesmerize\\\/\",\"url\":\"https:\\\/\\\/repaircycles.fr\\\/mesmerize\\\/\",\"name\":\"Front Page - Repair Cycles\",\"isPartOf\":{\"@id\":\"https:\\\/\\\/repaircycles.fr\\\/#website\"},\"primaryImageOfPage\":{\"@id\":\"https:\\\/\\\/repaircycles.fr\\\/mesmerize\\\/#primaryimage\"},\"image\":{\"@id\":\"https:\\\/\\\/repaircycles.fr\\\/mesmerize\\\/#primaryimage\"},\"thumbnailUrl\":\"https:\\\/\\\/repaircycles.fr\\\/wp-content\\\/uploads\\\/2020\\\/04\\\/cropped-engagement-1718244_1920.jpg\",\"datePublished\":\"2020-04-22T17:23:43+00:00\",\"dateModified\":\"2020-04-27T19:19:35+00:00\",\"description\":\"R\u00e9paration et r\u00e9vison de v\u00e9lo \u00e0 domicile aux alentours de Carpentras. Tout type de cycles, devis sur mesure.\",\"breadcrumb\":{\"@id\":\"https:\\\/\\\/repaircycles.fr\\\/mesmerize\\\/#breadcrumb\"},\"inLanguage\":\"en-GB\",\"potentialAction\":[{\"@type\":\"ReadAction\",\"target\":[\"https:\\\/\\\/repaircycles.fr\\\/mesmerize\\\/\"]}]},{\"@type\":\"ImageObject\",\"inLanguage\":\"en-GB\",\"@id\":\"https:\\\/\\\/repaircycles.fr\\\/mesmerize\\\/#primaryimage\",\"url\":\"https:\\\/\\\/repaircycles.fr\\\/wp-content\\\/uploads\\\/2020\\\/04\\\/cropped-engagement-1718244_1920.jpg\",\"contentUrl\":\"https:\\\/\\\/repaircycles.fr\\\/wp-content\\\/uploads\\\/2020\\\/04\\\/cropped-engagement-1718244_1920.jpg\"},{\"@type\":\"BreadcrumbList\",\"@id\":\"https:\\\/\\\/repaircycles.fr\\\/mesmerize\\\/#breadcrumb\",\"itemListElement\":[{\"@type\":\"ListItem\",\"position\":1,\"name\":\"Accueil\",\"item\":\"https:\\\/\\\/repaircycles.fr\\\/\"},{\"@type\":\"ListItem\",\"position\":2,\"name\":\"Front Page\"}]},{\"@type\":\"WebSite\",\"@id\":\"https:\\\/\\\/repaircycles.fr\\\/#website\",\"url\":\"https:\\\/\\\/repaircycles.fr\\\/\",\"name\":\"Repair Cycles\",\"description\":\"R\u00e9paration de v\u00e9lo \u00e0 domicile\",\"publisher\":{\"@id\":\"https:\\\/\\\/repaircycles.fr\\\/#organization\"},\"potentialAction\":[{\"@type\":\"SearchAction\",\"target\":{\"@type\":\"EntryPoint\",\"urlTemplate\":\"https:\\\/\\\/repaircycles.fr\\\/?s={search_term_string}\"},\"query-input\":{\"@type\":\"PropertyValueSpecification\",\"valueRequired\":true,\"valueName\":\"search_term_string\"}}],\"inLanguage\":\"en-GB\"},{\"@type\":\"Organization\",\"@id\":\"https:\\\/\\\/repaircycles.fr\\\/#organization\",\"name\":\"Repair cycles\",\"url\":\"https:\\\/\\\/repaircycles.fr\\\/\",\"logo\":{\"@type\":\"ImageObject\",\"inLanguage\":\"en-GB\",\"@id\":\"https:\\\/\\\/repaircycles.fr\\\/#\\\/schema\\\/logo\\\/image\\\/\",\"url\":\"https:\\\/\\\/repaircycles.fr\\\/wp-content\\\/uploads\\\/2020\\\/04\\\/logo-carre2.png\",\"contentUrl\":\"https:\\\/\\\/repaircycles.fr\\\/wp-content\\\/uploads\\\/2020\\\/04\\\/logo-carre2.png\",\"width\":589,\"height\":576,\"caption\":\"Repair cycles\"},\"image\":{\"@id\":\"https:\\\/\\\/repaircycles.fr\\\/#\\\/schema\\\/logo\\\/image\\\/\"},\"sameAs\":[\"https:\\\/\\\/www.facebook.com\\\/repaircycles\\\/\"]}]}<\/script>\n<!-- \/ Yoast SEO plugin. -->","yoast_head_json":{"title":"Front Page - Repair Cycles","description":"R\u00e9paration et r\u00e9vison de v\u00e9lo \u00e0 domicile aux alentours de Carpentras. Tout type de cycles, devis sur mesure.","robots":{"index":"index","follow":"follow","max-snippet":"max-snippet:-1","max-image-preview":"max-image-preview:large","max-video-preview":"max-video-preview:-1"},"canonical":"https:\/\/repaircycles.fr\/en\/mesmerize\/","og_locale":"en_GB","og_type":"article","og_title":"Front Page - Repair Cycles","og_description":"R\u00e9paration et r\u00e9vison de v\u00e9lo \u00e0 domicile aux alentours de Carpentras. Tout type de cycles, devis sur mesure.","og_url":"https:\/\/repaircycles.fr\/en\/mesmerize\/","og_site_name":"Repair Cycles","article_publisher":"https:\/\/www.facebook.com\/repaircycles\/","article_modified_time":"2020-04-27T19:19:35+00:00","og_image":[{"url":"https:\/\/repaircycles.fr\/wp-content\/uploads\/2020\/04\/cropped-engagement-1718244_1920.jpg","type":"","width":"","height":""}],"twitter_card":"summary_large_image","twitter_misc":{"Estimated reading time":"4 minutes"},"schema":{"@context":"https:\/\/schema.org","@graph":[{"@type":"WebPage","@id":"https:\/\/repaircycles.fr\/mesmerize\/","url":"https:\/\/repaircycles.fr\/mesmerize\/","name":"Front Page - Repair Cycles","isPartOf":{"@id":"https:\/\/repaircycles.fr\/#website"},"primaryImageOfPage":{"@id":"https:\/\/repaircycles.fr\/mesmerize\/#primaryimage"},"image":{"@id":"https:\/\/repaircycles.fr\/mesmerize\/#primaryimage"},"thumbnailUrl":"https:\/\/repaircycles.fr\/wp-content\/uploads\/2020\/04\/cropped-engagement-1718244_1920.jpg","datePublished":"2020-04-22T17:23:43+00:00","dateModified":"2020-04-27T19:19:35+00:00","description":"R\u00e9paration et r\u00e9vison de v\u00e9lo \u00e0 domicile aux alentours de Carpentras. Tout type de cycles, devis sur mesure.","breadcrumb":{"@id":"https:\/\/repaircycles.fr\/mesmerize\/#breadcrumb"},"inLanguage":"en-GB","potentialAction":[{"@type":"ReadAction","target":["https:\/\/repaircycles.fr\/mesmerize\/"]}]},{"@type":"ImageObject","inLanguage":"en-GB","@id":"https:\/\/repaircycles.fr\/mesmerize\/#primaryimage","url":"https:\/\/repaircycles.fr\/wp-content\/uploads\/2020\/04\/cropped-engagement-1718244_1920.jpg","contentUrl":"https:\/\/repaircycles.fr\/wp-content\/uploads\/2020\/04\/cropped-engagement-1718244_1920.jpg"},{"@type":"BreadcrumbList","@id":"https:\/\/repaircycles.fr\/mesmerize\/#breadcrumb","itemListElement":[{"@type":"ListItem","position":1,"name":"Accueil","item":"https:\/\/repaircycles.fr\/"},{"@type":"ListItem","position":2,"name":"Front Page"}]},{"@type":"WebSite","@id":"https:\/\/repaircycles.fr\/#website","url":"https:\/\/repaircycles.fr\/","name":"Repair Cycles","description":"R\u00e9paration de v\u00e9lo \u00e0 domicile","publisher":{"@id":"https:\/\/repaircycles.fr\/#organization"},"potentialAction":[{"@type":"SearchAction","target":{"@type":"EntryPoint","urlTemplate":"https:\/\/repaircycles.fr\/?s={search_term_string}"},"query-input":{"@type":"PropertyValueSpecification","valueRequired":true,"valueName":"search_term_string"}}],"inLanguage":"en-GB"},{"@type":"Organization","@id":"https:\/\/repaircycles.fr\/#organization","name":"Repair cycles","url":"https:\/\/repaircycles.fr\/","logo":{"@type":"ImageObject","inLanguage":"en-GB","@id":"https:\/\/repaircycles.fr\/#\/schema\/logo\/image\/","url":"https:\/\/repaircycles.fr\/wp-content\/uploads\/2020\/04\/logo-carre2.png","contentUrl":"https:\/\/repaircycles.fr\/wp-content\/uploads\/2020\/04\/logo-carre2.png","width":589,"height":576,"caption":"Repair cycles"},"image":{"@id":"https:\/\/repaircycles.fr\/#\/schema\/logo\/image\/"},"sameAs":["https:\/\/www.facebook.com\/repaircycles\/"]}]}},"_links":{"self":[{"href":"https:\/\/repaircycles.fr\/en\/wp-json\/wp\/v2\/pages\/28847","targetHints":{"allow":["GET"]}}],"collection":[{"href":"https:\/\/repaircycles.fr\/en\/wp-json\/wp\/v2\/pages"}],"about":[{"href":"https:\/\/repaircycles.fr\/en\/wp-json\/wp\/v2\/types\/page"}],"author":[{"embeddable":true,"href":"https:\/\/repaircycles.fr\/en\/wp-json\/wp\/v2\/users\/1"}],"replies":[{"embeddable":true,"href":"https:\/\/repaircycles.fr\/en\/wp-json\/wp\/v2\/comments?post=28847"}],"version-history":[{"count":62,"href":"https:\/\/repaircycles.fr\/en\/wp-json\/wp\/v2\/pages\/28847\/revisions"}],"predecessor-version":[{"id":29333,"href":"https:\/\/repaircycles.fr\/en\/wp-json\/wp\/v2\/pages\/28847\/revisions\/29333"}],"wp:attachment":[{"href":"https:\/\/repaircycles.fr\/en\/wp-json\/wp\/v2\/media?parent=28847"}],"curies":[{"name":"wp","href":"https:\/\/api.w.org\/{rel}","templated":true}]}}